{"id":237,"date":"2020-12-03T18:14:19","date_gmt":"2020-12-03T18:14:19","guid":{"rendered":"https:\/\/alphabusinessdesigns.com\/wordpress\/groupaltech\/?page_id=237"},"modified":"2021-01-13T15:03:11","modified_gmt":"2021-01-13T15:03:11","slug":"chemical-lab","status":"publish","type":"page","link":"https:\/\/groupaltech.com\/fr\/chemical-lab\/","title":{"rendered":"LAB Chimique"},"content":{"rendered":"<h2>\n\t\t\t\t\t\tLABORATOIRE CHIMIQUE\n\t\t\t\t\t\t<\/h2>\n\t\t\t\t\t\t<p>\n\t\t\t\t\t\t\t<strong>\n\t\t\t\t\t\t\t\tNous avons un laboratoire chimique d\u00e9di\u00e9 pour effectuer toutes les\nanalyses requises pour les bains de placage sur notre plancher. Tous les bains\nsont analys\u00e9s selon les sp\u00e9cifications et les recommandations de nos\nfournisseurs de produits chimiques\n\t\t\t\t\t\t\t<\/strong>\n\t\t\t\t\t\t\t<br>\n\t\t\t\t\t\t\t<br>\n\t\t\t\t\t\t\tle laboratoire chimique est \u00e9quip\u00e9 de: \n<br>\n\nMachines de Test \u00e0 diffusion de sel, \u00c9chelle de Denver, toute la verroterie n\u00e9cessaire pour les analyses, Distributeurs automatiques, Ph-m\u00e8tre, rectificateur \u00e0 cellule Hull, Spectrophotom\u00e8tre, Photom\u00e8tee pour les essais Environnementaux pour le traitement des eaux us\u00e9es, testeur de Conductivit\u00e9. \n\t\t\t\t\t\t<\/p>","protected":false},"excerpt":{"rendered":"<p>Chemical Lab We have a special chemical lab for performing all the required analysis for the tanks on our floor. All the tanks are analyzed as required by specification and our chemical suppliers. The Chemical Lab is equipped with the following: Salt Spray Testing Machine, Denver Scale, Burette\u2019s for chemical analysis, Automatic Dispensers, PH meter, &hellip; <a href=\"https:\/\/groupaltech.com\/fr\/chemical-lab\/\" class=\"more-link\">Continue reading <span class=\"screen-reader-text\">LAB Chimique<\/span> <span class=\"meta-nav\">&rarr;<\/span><\/a><\/p>","protected":false},"author":1,"featured_media":284,"parent":0,"menu_order":0,"comment_status":"closed","ping_status":"closed","template":"page-templates\/chemicallab.php","meta":{"_acf_changed":false,"nf_dc_page":"","footnotes":""},"class_list":["post-237","page","type-page","status-publish","has-post-thumbnail","hentry"],"acf":[],"_links":{"self":[{"href":"https:\/\/groupaltech.com\/fr\/wp-json\/wp\/v2\/pages\/237","targetHints":{"allow":["GET"]}}],"collection":[{"href":"https:\/\/groupaltech.com\/fr\/wp-json\/wp\/v2\/pages"}],"about":[{"href":"https:\/\/groupaltech.com\/fr\/wp-json\/wp\/v2\/types\/page"}],"author":[{"embeddable":true,"href":"https:\/\/groupaltech.com\/fr\/wp-json\/wp\/v2\/users\/1"}],"replies":[{"embeddable":true,"href":"https:\/\/groupaltech.com\/fr\/wp-json\/wp\/v2\/comments?post=237"}],"version-history":[{"count":4,"href":"https:\/\/groupaltech.com\/fr\/wp-json\/wp\/v2\/pages\/237\/revisions"}],"predecessor-version":[{"id":432,"href":"https:\/\/groupaltech.com\/fr\/wp-json\/wp\/v2\/pages\/237\/revisions\/432"}],"wp:featuredmedia":[{"embeddable":true,"href":"https:\/\/groupaltech.com\/fr\/wp-json\/wp\/v2\/media\/284"}],"wp:attachment":[{"href":"https:\/\/groupaltech.com\/fr\/wp-json\/wp\/v2\/media?parent=237"}],"curies":[{"name":"wp","href":"https:\/\/api.w.org\/{rel}","templated":true}]}}