{"id":28,"date":"2020-09-18T15:22:17","date_gmt":"2020-09-18T15:22:17","guid":{"rendered":"https:\/\/alphabusinessdesigns.com\/wordpress\/groupaltech\/?page_id=28"},"modified":"2025-02-15T17:29:22","modified_gmt":"2025-02-15T17:29:22","slug":"about-us","status":"publish","type":"page","link":"https:\/\/groupaltech.com\/fr\/about-us\/","title":{"rendered":"A propos de nous"},"content":{"rendered":"<div data-elementor-type=\"wp-page\" data-elementor-id=\"28\" class=\"elementor elementor-28\">\n\t\t\t\t<div class=\"elementor-element elementor-element-445429a0 e-flex e-con-boxed e-con e-parent\" data-id=\"445429a0\" data-element_type=\"container\" data-e-type=\"container\">\n\t\t\t\t\t<div class=\"e-con-inner\">\n\t\t\t\t<div class=\"elementor-element elementor-element-74d2894b elementor-widget elementor-widget-text-editor\" data-id=\"74d2894b\" data-element_type=\"widget\" data-e-type=\"widget\" data-widget_type=\"text-editor.default\">\n\t\t\t\t<div class=\"elementor-widget-container\">\n\t\t\t\t\t\t\t\t\t<p><\/p>\n<h2>A propos du Groupe Altech<\/h2>\n<p>Le Groupe Altech est une entreprise priv\u00e9e avec plus de 30 ans d\u2019exp\u00e9rience dans les proc\u00e9d\u00e9s de placage pour les clients des secteurs de l\u2019automobile, de l\u2019\u00e9lectronique, de l\u2019a\u00e9rospatiale, de l\u2019arm\u00e9e et des applications commerciales. Nous nous sommes impliqu\u00e9s dans le respect de normes \u00e9thiques \u00e9lev\u00e9es pour s\u2019acquitter de nos responsabilit\u00e9s commerciales et environnementales. <br>Notre engagement est de fournir rapidement, r\u00e9activement et de mani\u00e8re rentable des pi\u00e8ces finies qui d\u00e9passent les attentes des clients. Nous travaillons en tant que partie int\u00e9grante du processus de production \u2013 nous devenons la division placage de nos clients. Sur plus de 50 000 pieds carr\u00e9s, le Groupe Altech h\u00e9berge des lignes de placage personnalis\u00e9es con\u00e7ues pour des changements rapides ou pour une vari\u00e9t\u00e9 de pi\u00e8ces diff\u00e9rentes simultan\u00e9ment. Qu\u2019il s\u2019agisse de production en grande s\u00e9rie de production ou d\u2019un prototype unique, nous r\u00e9pondons \u00e0 vos besoins. <\/p>\n<p>Le Groupe Altech dispose d\u2019un laboratoire de chimie enti\u00e8rement \u00e9quip\u00e9 d\u2019un testeur d\u2019\u00e9paisseur de rev\u00eatement (elcometer), d\u2019un photo-spectrom\u00e8tre, d\u2019un dispositif de mesure rayons X d\u2019\u00e9paisseur de fluorescence, de dispositifs de mesure de pulv\u00e9risation de sel, d\u2019essais ndt et de syst\u00e8mes de gestion des d\u00e9chets. En pr\u00e9vision de l\u2019\u00e9volution des besoins des clients et du d\u00e9veloppement de nouvelles technologies, nous avons toujours \u00e9t\u00e9 \u00e0 la fine pointe dans l\u2019utilisation de nouveaux processus. L\u2019un d\u2019eux permet maintenant le placage de l\u2019acier avec des pi\u00e8ces en acier inoxydable. <\/p>\n<p><strong>Nous croyons que chaque client est important et fait partie int\u00e9grante de notre succ\u00e8s. <\/strong><\/p>\n<p><\/p>\t\t\t\t\t\t\t\t<\/div>\n\t\t\t\t<\/div>\n\t\t\t\t\t<\/div>\n\t\t\t\t<\/div>\n\t\t\t\t<\/div>","protected":false},"excerpt":{"rendered":"<p>About Groupe Altech Groupe Altech is a privately owned business with more than 30 years of experience in providing plating processes for customers in the automotive, electronics, aerospace, military, and commercial industries. We have an investment in maintaining high ethical standards for meeting our business and environmental responsibilities. Our commitment is to provide finished parts &hellip; <a href=\"https:\/\/groupaltech.com\/fr\/about-us\/\" class=\"more-link\">Continue reading <span class=\"screen-reader-text\">A propos de nous<\/span> <span class=\"meta-nav\">&rarr;<\/span><\/a><\/p>","protected":false},"author":1,"featured_media":0,"parent":0,"menu_order":0,"comment_status":"closed","ping_status":"closed","template":"","meta":{"_acf_changed":false,"nf_dc_page":"","footnotes":""},"class_list":["post-28","page","type-page","status-publish","hentry"],"acf":[],"_links":{"self":[{"href":"https:\/\/groupaltech.com\/fr\/wp-json\/wp\/v2\/pages\/28","targetHints":{"allow":["GET"]}}],"collection":[{"href":"https:\/\/groupaltech.com\/fr\/wp-json\/wp\/v2\/pages"}],"about":[{"href":"https:\/\/groupaltech.com\/fr\/wp-json\/wp\/v2\/types\/page"}],"author":[{"embeddable":true,"href":"https:\/\/groupaltech.com\/fr\/wp-json\/wp\/v2\/users\/1"}],"replies":[{"embeddable":true,"href":"https:\/\/groupaltech.com\/fr\/wp-json\/wp\/v2\/comments?post=28"}],"version-history":[{"count":6,"href":"https:\/\/groupaltech.com\/fr\/wp-json\/wp\/v2\/pages\/28\/revisions"}],"predecessor-version":[{"id":806,"href":"https:\/\/groupaltech.com\/fr\/wp-json\/wp\/v2\/pages\/28\/revisions\/806"}],"wp:attachment":[{"href":"https:\/\/groupaltech.com\/fr\/wp-json\/wp\/v2\/media?parent=28"}],"curies":[{"name":"wp","href":"https:\/\/api.w.org\/{rel}","templated":true}]}}