{"id":37,"date":"2020-09-18T15:47:10","date_gmt":"2020-09-18T15:47:10","guid":{"rendered":"https:\/\/alphabusinessdesigns.com\/wordpress\/groupaltech\/?page_id=37"},"modified":"2023-09-22T11:01:48","modified_gmt":"2023-09-22T11:01:48","slug":"quality","status":"publish","type":"page","link":"https:\/\/groupaltech.com\/fr\/quality\/","title":{"rendered":"QUALITE"},"content":{"rendered":"<div class=\"top_panel_one_two\">\n\t\t<div class=\"container-fluid\">\n\t\t\t<div class=\"col-md-12 col-sm-12 col-xs-12 no-padding\">\n\t\t\t\t\n\t\t\t\t<div class=\"col-md-12 col-sm-12 col-xs-12 no-padding\">\n\t\t\t\t\t<div class=\"col-sm-12 col-xs-12 no-padding\">\n\t\t\t\t\t\t<h2>\n\t\t\t\t\t\t   ASSURANCE QUALIT\u00c9\n\t\t\t\t\t\t<\/h2>\n\t\t\t\t\t\t<p>\n\t\t\t\t\t\tLe Groupe Altech op\u00e8re r\u00e9guli\u00e8rement selon des sp\u00e9cifications de conception strictes. Nous r\u00e9pondons constamment \u00e0 l\u2019exigence exacte d\u2019un large \u00e9ventail de clients qui d\u00e9pendent de nous pour les finitions de pr\u00e9cision. Nous encourageons la participation des fournisseurs aux projets des clients et offrons volontiers des consultations sur le placage. Gr\u00e2ce \u00e0 un examen et une am\u00e9lioration continu, nous nous engageons \u00e0 d\u00e9passer les attentes de nos clients, \u00e0 atteindre la satisfaction totale de nos clients et \u00e0 fournir des produits sans d\u00e9faut  et \u00e0 temps. Les bains de placage et les proc\u00e9dures de peinture sont maintenus selon des lignes directrices pr\u00e9cises pour assurer des r\u00e9sultats pr\u00e9visibles et reproductibles. Les applications pendant une s\u00e9quence de production subissent des tests constants pour assurer la qualit\u00e9 de la finition. Avec cette combinaison, nous avons cr\u00e9\u00e9 un syst\u00e8me de qualit\u00e9 innovant qui fonctionne dans toute l\u2019organisation pour maintenir et faire respecter continuellement nos normes de qualit\u00e9\t\t\t\t\t\t\t\n\t\t\t\t\t\t<\/p>\n\t\t\t\t\t\t<div class=\"col-sm-12 col-xs-12 no-padding\">\n\t\t\t\t\t\t<h5>Nous assurons le succ\u00e8s de nos clients en :<\/h5>\n\t\t\t\t\t\t\t<div class=\"list_nv_igtaion\">\n\t\t\t\t\t\t\t\t<ul>\n\t\t\t\t\t\t\t\t\t<li>Maintenant l\u2019ISO 9001:2015<\/li>\n\t\t\t\t\t\t\t\t\t<li>Am\u00e9lioration continue<\/li>\n\t\t\t\t\t\t\t\t\t<li>Nous engageant envers la satisfaction de la client\u00e8le<\/li>\n\t\t\t\t\t\t\t\t\t<li>\u00c9tablissant des Normes de qualit\u00e9 coh\u00e9rentes<\/li>\n\t\t\t\t\t\t\t\t\t<li>Am\u00e9lioration continue des processus<\/li>\n\t\t\t\t\t\t\t\t<\/ul>\n\t\t\t\t\t\t\t<\/div>\n\t\t\t\t\t\t<\/div>\n\n\t\t\t\t\t<\/div>\n\t\t\t\t<\/div>\n\t\t\t<\/div>\n\t\t<\/div>\n\t<\/div>\n\n\n\t<div class=\"star_body_panel6\">\n\t\t<div class=\"container center_contanier\">\n\t\t\t<div class=\"row\">\n\t\t\t\t<div class=\"col-sm-12 col-xs-12\">\n\t\t\t\t\t<h6>OVERVIEW OF PROCESSES DONE AT GROUPE ALTECH<\/h6>\n\t\t\t\t\t<div class=\"col-md-12 col-sm-12 col-xs-12\">\n\t\t\t\t\t\t<div class=\"table-responsive\">          \n  <table class=\"table\">\n  <tr>\n  \t<th>Process<\/th>\n  \t<th>Finishes<\/th>\n  <\/tr>\n  <tr>\n    <td>L\u2019Irridite<\/td>\n    <td>Clear(ROHS) , Yellow<\/td>\n  <\/tr>\n  <tr>\n    <td>Zinc<\/td>\n    <td>Yellow Trivalent(ROHS) ,Clear(ROHS), Yellow,Black,Olive Drab,<\/td>\n  <\/tr>\n  <tr>\n    <td>La passivation<\/td>\n    <td>***<\/td>\n  <\/tr>\n  <tr>\n    <td>Phosphate <\/td>\n    <td>Manganese Phosphate(ROHS,REACH),Zinc Phosphate(ROHS,REACH)<\/td>\n  <\/tr>\n  <tr>\n    <td>Tin(ROHS,REACH)<\/td>\n    <td>Bright ,Matt<\/td>\n  <\/tr>\n  <tr>\n    <td>E-nickel(ROHS,REACH)<\/td>\n    <td>***<\/td>\n  <\/tr>\n  <tr>\n    <td>L\u2019argent<\/td>\n    <td>Bright,Semi-bright,Matt<\/td>\n  <\/tr>\n  <tr>\n    <td>Cadmium<\/td>\n    <td>Clear,Yellow,Clear with phosphate treat<\/td>\n  <\/tr>\n  <tr>\n    <td>Anodize<\/td>\n    <td>Clear,Black,Red,Blue,Gold<\/td>\n  <\/tr>\n  <tr>\n    <td>Black Oxide<\/td>\n    <td>***<\/td>\n  <\/tr>\n  <tr>\n    <td>L\u2019\u00e9lectro-polissage<\/td>\n    <td>***<\/td>\n  <\/tr>\n  <tr>\n    <td>Le placage<\/td>\n    <td>Show,Industrial<\/td>\n  <\/tr>\n  <tr>\n    <td>Etch<\/td>\n    <td>***<\/td>\n  <\/tr>\n  <tr>\n    <td>Sandblast<\/td>\n    <td>Glass bead, Al Oxide<\/td>\n  <\/tr>\n  <tr>\n    <td>Ultra sonic Cleaning<\/td>\n    <td>***<\/td>\n  <\/tr>\n  <tr>\n    <td>Salt Spray<\/td>\n    <td>****<\/td>\n  <\/tr>\n\n\n  <\/table>\n <\/div> \n\t\t\t\t\t<\/div>\n\t\t\t\t<\/div>\n\t\t\t<\/div>\n\t\t<\/div>\n\t<\/div>","protected":false},"excerpt":{"rendered":"<p>QUALITY ASSURANCE Groupe Altech regularly operates under strict design specifications. We consistently meet the exact requirement for a wide range of customers who depend on us for precision finishes.We promote suppliers involvement in customers\u2019 projects and willingly offer consultations on plating.Through continual review and improvement, we are committed to exceeding the expectations of our customers, &hellip; <a href=\"https:\/\/groupaltech.com\/fr\/quality\/\" class=\"more-link\">Continue reading <span class=\"screen-reader-text\">QUALITE<\/span> <span class=\"meta-nav\">&rarr;<\/span><\/a><\/p>","protected":false},"author":1,"featured_media":286,"parent":0,"menu_order":0,"comment_status":"closed","ping_status":"closed","template":"page-templates\/quality.php","meta":{"_acf_changed":false,"nf_dc_page":"","footnotes":""},"class_list":["post-37","page","type-page","status-publish","has-post-thumbnail","hentry"],"acf":[],"_links":{"self":[{"href":"https:\/\/groupaltech.com\/fr\/wp-json\/wp\/v2\/pages\/37","targetHints":{"allow":["GET"]}}],"collection":[{"href":"https:\/\/groupaltech.com\/fr\/wp-json\/wp\/v2\/pages"}],"about":[{"href":"https:\/\/groupaltech.com\/fr\/wp-json\/wp\/v2\/types\/page"}],"author":[{"embeddable":true,"href":"https:\/\/groupaltech.com\/fr\/wp-json\/wp\/v2\/users\/1"}],"replies":[{"embeddable":true,"href":"https:\/\/groupaltech.com\/fr\/wp-json\/wp\/v2\/comments?post=37"}],"version-history":[{"count":5,"href":"https:\/\/groupaltech.com\/fr\/wp-json\/wp\/v2\/pages\/37\/revisions"}],"predecessor-version":[{"id":465,"href":"https:\/\/groupaltech.com\/fr\/wp-json\/wp\/v2\/pages\/37\/revisions\/465"}],"wp:featuredmedia":[{"embeddable":true,"href":"https:\/\/groupaltech.com\/fr\/wp-json\/wp\/v2\/media\/286"}],"wp:attachment":[{"href":"https:\/\/groupaltech.com\/fr\/wp-json\/wp\/v2\/media?parent=37"}],"curies":[{"name":"wp","href":"https:\/\/api.w.org\/{rel}","templated":true}]}}